{"id":1174,"date":"2022-11-23T14:08:16","date_gmt":"2022-11-23T14:08:16","guid":{"rendered":"https:\/\/www.separadorcarrilbici.com\/cat\/?page_id=1174"},"modified":"2022-11-23T14:27:49","modified_gmt":"2022-11-23T14:27:49","slug":"politica-de-privacitat","status":"publish","type":"page","link":"https:\/\/www.separadorcarrilbici.com\/cat\/politica-de-privacitat\/","title":{"rendered":"Pol\u00edtica de privacitat"},"content":{"rendered":"\t\t<div data-elementor-type=\"wp-page\" data-elementor-id=\"1174\" class=\"elementor elementor-1174\">\n\t\t\t\t<div class=\"elementor-element elementor-element-6c7ff975 e-flex e-con-boxed e-con e-parent\" data-id=\"6c7ff975\" data-element_type=\"container\">\n\t\t\t\t\t<div class=\"e-con-inner\">\n\t\t<div class=\"elementor-element elementor-element-5430cfa8 e-flex e-con-boxed e-con e-parent\" data-id=\"5430cfa8\" data-element_type=\"container\">\n\t\t\t\t\t<div class=\"e-con-inner\">\n\t\t\t\t\t<\/div>\n\t\t\t\t<\/div>\n\t\t<div class=\"elementor-element elementor-element-1c7ba8b5 e-flex e-con-boxed e-con e-parent\" data-id=\"1c7ba8b5\" data-element_type=\"container\">\n\t\t\t\t\t<div class=\"e-con-inner\">\n\t\t\t\t<div class=\"elementor-element elementor-element-67dd13a9 elementor-widget elementor-widget-text-editor\" data-id=\"67dd13a9\" data-element_type=\"widget\" data-widget_type=\"text-editor.default\">\n\t\t\t\t<div class=\"elementor-widget-container\">\n\t\t\t\t\t\t\t\t\t<div data-id=\"787bdcb\" data-element_type=\"widget\" data-widget_type=\"text-editor.default\"><div data-id=\"9ee8316\" data-element_type=\"widget\" data-widget_type=\"text-editor.default\"><p>Aquesta Pol\u00edtica de Privacitat t\u00e9 per objecte informar els usuaris (\u201cUsuaris\u201d o \u201cVost\u00e8\u201d) sobre la recollida i tractament de les dades personals obtingudes a trav\u00e9s del portal aobauditores.com (\u201cPortal\u201d).<\/p><p>L&#8217;acc\u00e9s i utilitzaci\u00f3 del Portal implica el coneixement i l&#8217;acceptaci\u00f3 de les condicions incloses en aquesta Pol\u00edtica de Privacitat.<\/p><p>Responsable del tractament<\/p><p>Identitat:\u00a0Ado\u00a0Tancaments Met\u00e0l\u00b7lics S.A. (d&#8217;ara endavant, \u00abADO\u00bb)<\/p><p>CIF: A58044652<\/p><p>Adre\u00e7a postal: c\/\u00a0Acer\u00a037-43, 08915 Badalona<\/p><p>Tel\u00e8fon: 93 456 03 03<\/p><p>Correu electr\u00f2nic: rgpd@adosa.es<\/p><p>DPO:\u00a0ADO\u00a0disposa d&#8217;un Delegat de Protecci\u00f3 de Dades amb el qual pot contactar a trav\u00e9s de la seg\u00fcent adre\u00e7a de correu lopd@adosa.es o dirigint-se a ella per escrit a l&#8217;adre\u00e7a postal assenyalada a dalt.<\/p><div class=\"traductor-textarea form-group\"><div class=\"textarea-desti col-xs-12 col-sm-6\"><h1 class=\"form-control second-textarea\">Com recollim les dades personals?<\/h1><\/div><\/div><p>ADO\u00a0recull informaci\u00f3 dels Usuaris quan aquests fan \u00fas d&#8217;aquelles funcionalitats del Portal que requereixin facilitar determinades dades personals. En concret,\u00a0ADO\u00a0registrar\u00e0 la seg\u00fcent informaci\u00f3:<\/p><ul><li>Dades facilitades a trav\u00e9s del formulari de contacte que l&#8217;Usuari interessat a obtenir informaci\u00f3 sobre els nostres serveis o realitzar qualsevol tipus de consulta o sol\u00b7licitud facilita\u00a0ADO.<\/li><li>Dades facilitades a trav\u00e9s de la secci\u00f3 \u201cTreballa amb nosaltres\u201d, inclosos els curr\u00edculums que els Usuaris ens envien.<\/li><li>Adre\u00e7a de correu electr\u00f2nic que faciliten els Usuaris per a subscriure&#8217;s al nostre\u00a0newsletters\u00a0i per a rebre les nostres comunicacions.<\/li><li>Dades facilitades mitjan\u00e7ant l&#8217;enviament de correus electr\u00f2nics a les adreces que s&#8217;identifiquin en el Portal.<\/li><li>Dades facilitades mitjan\u00e7ant l&#8217;emplenament dels formularis o \u00fas de les funcionalitats ofertes a cada moment en el Portal.<\/li><\/ul><p>L&#8217;\u00fas dels diferents formularis i\/o funcionalitats habilitades en el Portal \u00e9s voluntari. No obstant aix\u00f2, alguns camps s\u00f3n necessaris per a atendre correctament la seva petici\u00f3, per la qual cosa la negativa de l&#8217;Usuari a facilitar la informaci\u00f3 requerida en els camps obligatoris impedir\u00e0 a\u00a0ADO\u00a0atendre la seva sol\u00b7licitud.<\/p><\/div><div data-id=\"9ee8316\" data-element_type=\"widget\" data-widget_type=\"text-editor.default\"><h5>\u00a0<\/h5><h5>Per a quines finalitats utilitza\u00a0ADO\u00a0les dades personals dels Usuaris?<\/h5><p>Les dades personals que l&#8217;Usuari del Portal ens faciliti mitjan\u00e7ant els formularis i funcionalitats habilitades en el Portal seran tractats amb car\u00e0cter general amb la finalitat de facilitar la informaci\u00f3 demanada pels Usuaris, atendre les seves consultes o sol\u00b7licituds, aix\u00ed com amb qualsevol altra finalitat a la qual es refereixin els formularis i funcionalitats ofertes a cada moment a trav\u00e9s del Portal.<\/p><p>En el cas de les dades facilitades per l&#8217;Usuari a trav\u00e9s de la Secci\u00f3 \u201cTreballa amb nosaltres\u201d, les dades seran tractades per a valorar i gestionar la seva possible participaci\u00f3 en els processos de selecci\u00f3 de personal, presents o futurs, duts a terme per\u00a0ADO.<\/p><p>Addicionalment, en els sup\u00f2sits en els quals els Usuaris s&#8217;hagin subscrit a nostra\u00a0newsletter, les seves dades personals seran tractats amb la finalitat de remetre-li per qualsevol mitj\u00e0, inclosos mitjans electr\u00f2nics (email, SMS, etc.), comunicacions comercials sobre els nostres productes, aix\u00ed com informaci\u00f3 sobre les nostres activitats, incloent-hi not\u00edcies rellevants sobre\u00a0ADO\u00a0i informaci\u00f3 sobre esdeveniments que organitzem, patrocinem o en els quals d&#8217;una altra manera participi\u00a0ADO\u00a0o els seus professionals.<\/p><h2><strong>Destinataris de les dades personals<\/strong><\/h2><p>Les dades personals dels usuaris no ser\u00e0n comunicades a tercers, nom\u00e9s per el cumpliment de les obligacions legals subjectes a ADO.<\/p><h5>Legitimaci\u00f3 dels tractaments<\/h5><p>La base legal dels tractaments \u00e9s el consentiment atorgat pels Usuaris prestat mitjan\u00e7ant l&#8217;acceptaci\u00f3 de la present Pol\u00edtica de Privacitat i les caselles corresponents.<\/p><div class=\"traductor-textarea form-group\"><div class=\"textarea-desti col-xs-12 col-sm-6\"><h2 class=\"form-control second-textarea\">Per quant temps conservarem les seves dades?<\/h2><\/div><\/div><div class=\"traductor-checkbox form-group\"><div class=\"row\"><div class=\"col-sm-offset-2 col-sm-5\"><p>Les dades personals seran conservats durant el temps necessari per a atendre i gestionar la informaci\u00f3 demanada pels Usuaris, atendre les seves consultes o sol\u00b7licituds o complir qualsevol altra finalitat a la qual es refereixin els formularis i funcionalitats ofertes a cada moment a trav\u00e9s del Portal.<br \/>En el cas de les dades personals facilitades a trav\u00e9s de la secci\u00f3 \u201cTreballa amb nosaltres\u201d, mantindrem les dades personals durant un termini m\u00e0xim de [1 any]. Entenem que passat aquest per\u00edode, les seves dades poden estar\u00a0desactualizados, per la qual cosa procedirem a la supressi\u00f3 de tota la seva informaci\u00f3.<\/p><p>Si s&#8217;ha subscrit a nostra\u00a0newsletter\u00a0o d&#8217;una altra manera ha prestat el seu consentiment perqu\u00e8 puguem enviar-li comunicacions comercials, mantindrem les seves dades mentre Vost\u00e8 no arrebossat aquest consentiment.<\/p><p>Transcorreguts els citats terminis, les dades personals dels Usuaris podran ser bloquejats i mantinguts per\u00a0ADO\u00a0per a l&#8217;atenci\u00f3 de les possibles responsabilitats nascudes del tractament i nom\u00e9s durant el termini de prescripci\u00f3 d&#8217;aquestes responsabilitats. Passat aquest per\u00edode, les dades personals seran esborrats per\u00a0ADO.<\/p><\/div><div>\u00a0<\/div><\/div><\/div><h5><strong>\u00bfCom he d&#8217;actualitzar les meves dades?<\/strong><\/h5><p>L&#8217;Usuari garanteix que les dades personals facilitades a\u00a0ADO\u00a0a trav\u00e9s d&#8217;aquest Portal s\u00f3n vera\u00e7os, correctes, actuals i complets. L&#8217;Usuari es fa responsable de comunicar a\u00a0ADO\u00a0qualsevol modificaci\u00f3 o actualitzaci\u00f3 d&#8217;aquests, mitjan\u00e7ant l&#8217;enviament d&#8217;una comunicaci\u00f3 a les adreces postals o electr\u00f2niques previstes en l&#8217;apartat \u201cCom exercito els meus drets?\u201d i seguint les indicacions contingudes en aquest.<\/p><h5>Qu\u00e8 ocorre si facilito a\u00a0ADO\u00a0dades de terceres persones?<\/h5><p>Amb car\u00e0cter general, queda prohibit que els Usuaris facilitin dades personals relatives a tercers. No obstant aix\u00f2, en el cas que l&#8217;Usuari faciliti dades personals de tercers deur\u00e0, amb car\u00e0cter previ a la inclusi\u00f3 o comunicaci\u00f3 de les seves dades a\u00a0ADO, informar aquestes persones sobre el contingut d&#8217;aquesta Pol\u00edtica de Privacitat. L&#8217;Usuari garanteix que ha obtingut el consentiment previ d&#8217;aquestes terceres persones per a la comunicaci\u00f3 de les seves dades personals a\u00a0ADO\u00a0amb els fins previstos en la present Pol\u00edtica de Privacitat.<\/p><h5>Com exercito els meus els drets?<\/h5><p>L&#8217;Usuari pot, en qualsevol moment, revocar els consentiments prestats, aix\u00ed com sol\u00b7licitar a\u00a0ADO\u00a0confirmaci\u00f3 sobre si les seves dades personals estan sent tractats per nosaltres i, en cas afirmatiu, accedir a aquests. Aix\u00ed mateix, pot sol\u00b7licitar la rectificaci\u00f3 de les dades inexactes o, en el seu cas, sol\u00b7licitar la seva supressi\u00f3 quan, entre altres motius, les dades ja no siguin necessaris per als fins per als quals es van recollir.<\/p><p>Aix\u00ed mateix, en determinades circumst\u00e0ncies, l&#8217;Usuari podr\u00e0 sol\u00b7licitar la limitaci\u00f3 del tractament de les seves dades, i en aquest cas \u00fanicament els conservarem per a l&#8217;exercici o la defensa de reclamacions. Tamb\u00e9 podr\u00e0 oposar-se al tractament de les seves dades en determinades circumst\u00e0ncies.\u00a0ADO\u00a0deixar\u00e0 de tractar les dades personals, excepte per motius leg\u00edtims imperiosos o l&#8217;exercici o la defensa de possibles reclamacions. Finalment, quan sigui procedent, l&#8217;Usuari podr\u00e0 exercitar el dret de portabilitat per a obtenir les dades en format electr\u00f2nic o que es transmetin els mateixos a una altra entitat.<\/p><p>A tals efectes podr\u00e0 utilitzar els seg\u00fcents canals, acompanyant sempre fotoc\u00f2pia del seu DNI o qualsevol altre document que permeti acreditar la seva identitat:<\/p><ul><li>Per carta a l&#8217;adre\u00e7a: Carrer\u00a0Acer\u00a037-43, 08320 Badalona<\/li><li>Per correu electr\u00f2nic a: rgpd@adosa.es<\/li><\/ul>Finalment, en cas que l&#8217;Usuari tingui coneixement o consideri que un fet pugui suposar un incompliment de la normativa aplicable en mat\u00e8ria de protecci\u00f3 de dades, podr\u00e0 dirigir-se al nostre responsable de seguretat presentar una reclamaci\u00f3 davant l&#8217;Ag\u00e8ncia Espanyola de Protecci\u00f3 de Dades.<h5>Actualitzacions i canvis en la Pol\u00edtica de Privacitat<\/h5><p>ADO\u00a0es reserva el dret a introduir modificacions en aquesta Pol\u00edtica de Privacitat. Quan es produeixin aquests canvis, es comunicaran als Usuaris mitjan\u00e7ant avisos en el Portal, per correu electr\u00f2nic o b\u00e9 trav\u00e9s de qualsevol altre procediment adequat segons les circumst\u00e0ncies.<\/p><\/div><\/div>\t\t\t\t\t\t\t\t<\/div>\n\t\t\t\t<\/div>\n\t\t\t\t\t<\/div>\n\t\t\t\t<\/div>\n\t\t\t\t\t<\/div>\n\t\t\t\t<\/div>\n\t\t\t\t<\/div>\n\t\t","protected":false},"excerpt":{"rendered":"<p>Aquesta Pol\u00edtica de Privacitat t\u00e9 per objecte informar els usuaris (\u201cUsuaris\u201d o \u201cVost\u00e8\u201d) sobre la recollida i tractament de les dades personals obtingudes a trav\u00e9s del portal aobauditores.com (\u201cPortal\u201d). L&#8217;acc\u00e9s i utilitzaci\u00f3 del Portal implica el coneixement i l&#8217;acceptaci\u00f3 de les condicions incloses en aquesta Pol\u00edtica de Privacitat. Responsable del tractament Identitat:\u00a0Ado\u00a0Tancaments Met\u00e0l\u00b7lics S.A. (d&#8217;ara [&hellip;]<\/p>\n","protected":false},"author":1,"featured_media":0,"parent":0,"menu_order":0,"comment_status":"closed","ping_status":"closed","template":"","meta":{"site-sidebar-layout":"no-sidebar","site-content-layout":"page-builder","ast-site-content-layout":"default","site-content-style":"default","site-sidebar-style":"default","ast-global-header-display":"","ast-banner-title-visibility":"","ast-main-header-display":"","ast-hfb-above-header-display":"","ast-hfb-below-header-display":"","ast-hfb-mobile-header-display":"","site-post-title":"disabled","ast-breadcrumbs-content":"","ast-featured-img":"disabled","footer-sml-layout":"","ast-disable-related-posts":"","theme-transparent-header-meta":"","adv-header-id-meta":"","stick-header-meta":"","header-above-stick-meta":"","header-main-stick-meta":"","header-below-stick-meta":"","astra-migrate-meta-layouts":"default","ast-page-background-enabled":"default","ast-page-background-meta":{"desktop":{"background-color":"var(--ast-global-color-4)","background-image":"","background-repeat":"repeat","background-position":"center center","background-size":"auto","background-attachment":"scroll","background-type":"","background-media":"","overlay-type":"","overlay-color":"","overlay-opacity":"","overlay-gradient":""},"tablet":{"background-color":"","background-image":"","background-repeat":"repeat","background-position":"center center","background-size":"auto","background-attachment":"scroll","background-type":"","background-media":"","overlay-type":"","overlay-color":"","overlay-opacity":"","overlay-gradient":""},"mobile":{"background-color":"","background-image":"","background-repeat":"repeat","background-position":"center center","background-size":"auto","background-attachment":"scroll","background-type":"","background-media":"","overlay-type":"","overlay-color":"","overlay-opacity":"","overlay-gradient":""}},"ast-content-background-meta":{"desktop":{"background-color":"var(--ast-global-color-5)","background-image":"","background-repeat":"repeat","background-position":"center center","background-size":"auto","background-attachment":"scroll","background-type":"","background-media":"","overlay-type":"","overlay-color":"","overlay-opacity":"","overlay-gradient":""},"tablet":{"background-color":"var(--ast-global-color-5)","background-image":"","background-repeat":"repeat","background-position":"center center","background-size":"auto","background-attachment":"scroll","background-type":"","background-media":"","overlay-type":"","overlay-color":"","overlay-opacity":"","overlay-gradient":""},"mobile":{"background-color":"var(--ast-global-color-5)","background-image":"","background-repeat":"repeat","background-position":"center center","background-size":"auto","background-attachment":"scroll","background-type":"","background-media":"","overlay-type":"","overlay-color":"","overlay-opacity":"","overlay-gradient":""}},"footnotes":""},"yoast_head":"<!-- This site is optimized with the Yoast SEO plugin v24.5 - https:\/\/yoast.com\/wordpress\/plugins\/seo\/ -->\n<title>Pol\u00edtica de privacitat - Separadors carrils bici<\/title>\n<meta name=\"robots\" content=\"index, follow, max-snippet:-1, max-image-preview:large, max-video-preview:-1\" \/>\n<link rel=\"canonical\" href=\"https:\/\/www.separadorcarrilbici.com\/cat\/politica-de-privacitat\/\" \/>\n<meta property=\"og:locale\" content=\"ca_ES\" \/>\n<meta property=\"og:type\" content=\"article\" \/>\n<meta property=\"og:title\" content=\"Pol\u00edtica de privacitat - Separadors carrils bici\" \/>\n<meta property=\"og:description\" content=\"Aquesta Pol\u00edtica de Privacitat t\u00e9 per objecte informar els usuaris (\u201cUsuaris\u201d o \u201cVost\u00e8\u201d) sobre la recollida i tractament de les dades personals obtingudes a trav\u00e9s del portal aobauditores.com (\u201cPortal\u201d). L&#8217;acc\u00e9s i utilitzaci\u00f3 del Portal implica el coneixement i l&#8217;acceptaci\u00f3 de les condicions incloses en aquesta Pol\u00edtica de Privacitat. Responsable del tractament Identitat:\u00a0Ado\u00a0Tancaments Met\u00e0l\u00b7lics S.A. (d&#8217;ara [&hellip;]\" \/>\n<meta property=\"og:url\" content=\"https:\/\/www.separadorcarrilbici.com\/cat\/politica-de-privacitat\/\" \/>\n<meta property=\"og:site_name\" content=\"Separadors carrils bici\" \/>\n<meta property=\"article:modified_time\" content=\"2022-11-23T14:27:49+00:00\" \/>\n<meta name=\"twitter:card\" content=\"summary_large_image\" \/>\n<meta name=\"twitter:label1\" content=\"Temps estimat de lectura\" \/>\n\t<meta name=\"twitter:data1\" content=\"7 minuts\" \/>\n<script type=\"application\/ld+json\" class=\"yoast-schema-graph\">{\"@context\":\"https:\/\/schema.org\",\"@graph\":[{\"@type\":\"WebPage\",\"@id\":\"https:\/\/www.separadorcarrilbici.com\/cat\/politica-de-privacitat\/\",\"url\":\"https:\/\/www.separadorcarrilbici.com\/cat\/politica-de-privacitat\/\",\"name\":\"Pol\u00edtica de privacitat - Separadors carrils bici\",\"isPartOf\":{\"@id\":\"https:\/\/www.separadorcarrilbici.com\/cat\/#website\"},\"datePublished\":\"2022-11-23T14:08:16+00:00\",\"dateModified\":\"2022-11-23T14:27:49+00:00\",\"breadcrumb\":{\"@id\":\"https:\/\/www.separadorcarrilbici.com\/cat\/politica-de-privacitat\/#breadcrumb\"},\"inLanguage\":\"ca\",\"potentialAction\":[{\"@type\":\"ReadAction\",\"target\":[\"https:\/\/www.separadorcarrilbici.com\/cat\/politica-de-privacitat\/\"]}]},{\"@type\":\"BreadcrumbList\",\"@id\":\"https:\/\/www.separadorcarrilbici.com\/cat\/politica-de-privacitat\/#breadcrumb\",\"itemListElement\":[{\"@type\":\"ListItem\",\"position\":1,\"name\":\"Inici\",\"item\":\"https:\/\/www.separadorcarrilbici.com\/cat\/\"},{\"@type\":\"ListItem\",\"position\":2,\"name\":\"Pol\u00edtica de privacitat\"}]},{\"@type\":\"WebSite\",\"@id\":\"https:\/\/www.separadorcarrilbici.com\/cat\/#website\",\"url\":\"https:\/\/www.separadorcarrilbici.com\/cat\/\",\"name\":\"Separadors carrils bici\",\"description\":\"Fabricants de separadors vials per carrils bici\",\"potentialAction\":[{\"@type\":\"SearchAction\",\"target\":{\"@type\":\"EntryPoint\",\"urlTemplate\":\"https:\/\/www.separadorcarrilbici.com\/cat\/?s={search_term_string}\"},\"query-input\":{\"@type\":\"PropertyValueSpecification\",\"valueRequired\":true,\"valueName\":\"search_term_string\"}}],\"inLanguage\":\"ca\"}]}<\/script>\n<!-- \/ Yoast SEO plugin. -->","yoast_head_json":{"title":"Pol\u00edtica de privacitat - Separadors carrils bici","robots":{"index":"index","follow":"follow","max-snippet":"max-snippet:-1","max-image-preview":"max-image-preview:large","max-video-preview":"max-video-preview:-1"},"canonical":"https:\/\/www.separadorcarrilbici.com\/cat\/politica-de-privacitat\/","og_locale":"ca_ES","og_type":"article","og_title":"Pol\u00edtica de privacitat - Separadors carrils bici","og_description":"Aquesta Pol\u00edtica de Privacitat t\u00e9 per objecte informar els usuaris (\u201cUsuaris\u201d o \u201cVost\u00e8\u201d) sobre la recollida i tractament de les dades personals obtingudes a trav\u00e9s del portal aobauditores.com (\u201cPortal\u201d). L&#8217;acc\u00e9s i utilitzaci\u00f3 del Portal implica el coneixement i l&#8217;acceptaci\u00f3 de les condicions incloses en aquesta Pol\u00edtica de Privacitat. Responsable del tractament Identitat:\u00a0Ado\u00a0Tancaments Met\u00e0l\u00b7lics S.A. (d&#8217;ara [&hellip;]","og_url":"https:\/\/www.separadorcarrilbici.com\/cat\/politica-de-privacitat\/","og_site_name":"Separadors carrils bici","article_modified_time":"2022-11-23T14:27:49+00:00","twitter_card":"summary_large_image","twitter_misc":{"Temps estimat de lectura":"7 minuts"},"schema":{"@context":"https:\/\/schema.org","@graph":[{"@type":"WebPage","@id":"https:\/\/www.separadorcarrilbici.com\/cat\/politica-de-privacitat\/","url":"https:\/\/www.separadorcarrilbici.com\/cat\/politica-de-privacitat\/","name":"Pol\u00edtica de privacitat - Separadors carrils bici","isPartOf":{"@id":"https:\/\/www.separadorcarrilbici.com\/cat\/#website"},"datePublished":"2022-11-23T14:08:16+00:00","dateModified":"2022-11-23T14:27:49+00:00","breadcrumb":{"@id":"https:\/\/www.separadorcarrilbici.com\/cat\/politica-de-privacitat\/#breadcrumb"},"inLanguage":"ca","potentialAction":[{"@type":"ReadAction","target":["https:\/\/www.separadorcarrilbici.com\/cat\/politica-de-privacitat\/"]}]},{"@type":"BreadcrumbList","@id":"https:\/\/www.separadorcarrilbici.com\/cat\/politica-de-privacitat\/#breadcrumb","itemListElement":[{"@type":"ListItem","position":1,"name":"Inici","item":"https:\/\/www.separadorcarrilbici.com\/cat\/"},{"@type":"ListItem","position":2,"name":"Pol\u00edtica de privacitat"}]},{"@type":"WebSite","@id":"https:\/\/www.separadorcarrilbici.com\/cat\/#website","url":"https:\/\/www.separadorcarrilbici.com\/cat\/","name":"Separadors carrils bici","description":"Fabricants de separadors vials per carrils bici","potentialAction":[{"@type":"SearchAction","target":{"@type":"EntryPoint","urlTemplate":"https:\/\/www.separadorcarrilbici.com\/cat\/?s={search_term_string}"},"query-input":{"@type":"PropertyValueSpecification","valueRequired":true,"valueName":"search_term_string"}}],"inLanguage":"ca"}]}},"_links":{"self":[{"href":"https:\/\/www.separadorcarrilbici.com\/cat\/wp-json\/wp\/v2\/pages\/1174"}],"collection":[{"href":"https:\/\/www.separadorcarrilbici.com\/cat\/wp-json\/wp\/v2\/pages"}],"about":[{"href":"https:\/\/www.separadorcarrilbici.com\/cat\/wp-json\/wp\/v2\/types\/page"}],"author":[{"embeddable":true,"href":"https:\/\/www.separadorcarrilbici.com\/cat\/wp-json\/wp\/v2\/users\/1"}],"replies":[{"embeddable":true,"href":"https:\/\/www.separadorcarrilbici.com\/cat\/wp-json\/wp\/v2\/comments?post=1174"}],"version-history":[{"count":7,"href":"https:\/\/www.separadorcarrilbici.com\/cat\/wp-json\/wp\/v2\/pages\/1174\/revisions"}],"predecessor-version":[{"id":1184,"href":"https:\/\/www.separadorcarrilbici.com\/cat\/wp-json\/wp\/v2\/pages\/1174\/revisions\/1184"}],"wp:attachment":[{"href":"https:\/\/www.separadorcarrilbici.com\/cat\/wp-json\/wp\/v2\/media?parent=1174"}],"curies":[{"name":"wp","href":"https:\/\/api.w.org\/{rel}","templated":true}]}}