{"id":1145,"date":"2022-11-22T16:16:50","date_gmt":"2022-11-22T16:16:50","guid":{"rendered":"https:\/\/www.separadorcarrilbici.com\/cat\/?page_id=1145"},"modified":"2022-11-22T16:20:15","modified_gmt":"2022-11-22T16:20:15","slug":"contacte","status":"publish","type":"page","link":"https:\/\/www.separadorcarrilbici.com\/cat\/contacte\/","title":{"rendered":"Contacte"},"content":{"rendered":"\t\t<div data-elementor-type=\"wp-page\" data-elementor-id=\"1145\" class=\"elementor elementor-1145\">\n\t\t\t\t<div class=\"elementor-element elementor-element-5133102b e-flex e-con-boxed e-con e-parent\" data-id=\"5133102b\" data-element_type=\"container\">\n\t\t\t\t\t<div class=\"e-con-inner\">\n\t\t<div class=\"elementor-element elementor-element-2ca8fe17 e-con-full e-flex e-con e-parent\" data-id=\"2ca8fe17\" data-element_type=\"container\">\n\t\t\t\t<\/div>\n\t\t<div class=\"elementor-element elementor-element-6b9e44b1 e-con-full e-flex e-con e-parent\" data-id=\"6b9e44b1\" data-element_type=\"container\">\n\t\t\t\t<div class=\"elementor-element elementor-element-4bb1d90c elementor-widget elementor-widget-wpforms\" data-id=\"4bb1d90c\" data-element_type=\"widget\" data-widget_type=\"wpforms.default\">\n\t\t\t\t<div class=\"elementor-widget-container\">\n\t\t\t\t\t<div class=\"wpforms-container wpforms-container-full\" id=\"wpforms-1155\"><form id=\"wpforms-form-1155\" class=\"wpforms-validate wpforms-form wpforms-ajax-form\" data-formid=\"1155\" method=\"post\" enctype=\"multipart\/form-data\" action=\"\/cat\/wp-json\/wp\/v2\/pages\/1145\" data-token=\"c1a3dc8f4954b6ba2e679d606e371db8\" data-token-time=\"1777648100\"><noscript class=\"wpforms-error-noscript\">Activeu el JavaScript al navegador per a poder completar el formulari.<\/noscript><div class=\"wpforms-field-container\"><div id=\"wpforms-1155-field_0-container\" class=\"wpforms-field wpforms-field-name\" data-field-id=\"0\"><label class=\"wpforms-field-label\">Nom <span class=\"wpforms-required-label\">*<\/span><\/label><div class=\"wpforms-field-row wpforms-field-medium\"><div class=\"wpforms-field-row-block wpforms-first wpforms-one-half\"><input type=\"text\" id=\"wpforms-1155-field_0\" class=\"wpforms-field-name-first wpforms-field-required\" name=\"wpforms[fields][0][first]\" required><label for=\"wpforms-1155-field_0\" class=\"wpforms-field-sublabel after\">Nom<\/label><\/div><div class=\"wpforms-field-row-block wpforms-one-half\"><input type=\"text\" id=\"wpforms-1155-field_0-last\" class=\"wpforms-field-name-last wpforms-field-required\" name=\"wpforms[fields][0][last]\" required><label for=\"wpforms-1155-field_0-last\" class=\"wpforms-field-sublabel after\">Cognoms<\/label><\/div><\/div><\/div><div id=\"wpforms-1155-field_1-container\" class=\"wpforms-field wpforms-field-email\" data-field-id=\"1\"><label class=\"wpforms-field-label\" for=\"wpforms-1155-field_1\">Correu <span class=\"wpforms-required-label\">*<\/span><\/label><input type=\"email\" id=\"wpforms-1155-field_1\" class=\"wpforms-field-medium wpforms-field-required\" name=\"wpforms[fields][1]\" spellcheck=\"false\" required><\/div><div id=\"wpforms-1155-field_2-container\" class=\"wpforms-field wpforms-field-textarea\" data-field-id=\"2\"><label class=\"wpforms-field-label\" for=\"wpforms-1155-field_2\">Missatge<\/label><textarea id=\"wpforms-1155-field_2\" class=\"wpforms-field-medium\" name=\"wpforms[fields][2]\" ><\/textarea><\/div><\/div><!-- .wpforms-field-container --><div class=\"wpforms-recaptcha-container wpforms-is-recaptcha wpforms-is-recaptcha-type-v2\" ><div class=\"g-recaptcha\" data-sitekey=\"6LdpBygjAAAAANWBStB76Mtc1TFerGFUxzRMmOEW\"><\/div><input type=\"text\" name=\"g-recaptcha-hidden\" class=\"wpforms-recaptcha-hidden\" style=\"position:absolute!important;clip:rect(0,0,0,0)!important;height:1px!important;width:1px!important;border:0!important;overflow:hidden!important;padding:0!important;margin:0!important;\" data-rule-recaptcha=\"1\"><\/div><div class=\"wpforms-submit-container\" ><input type=\"hidden\" name=\"wpforms[id]\" value=\"1155\"><input type=\"hidden\" name=\"page_title\" value=\"\"><input type=\"hidden\" name=\"page_url\" value=\"https:\/\/www.separadorcarrilbici.com\/cat\/wp-json\/wp\/v2\/pages\/1145\"><input type=\"hidden\" name=\"url_referer\" value=\"\"><button type=\"submit\" name=\"wpforms[submit]\" id=\"wpforms-submit-1155\" class=\"wpforms-submit\" data-alt-text=\"enviant...\" data-submit-text=\"Enviar\" aria-live=\"assertive\" value=\"wpforms-submit\">Enviar<\/button><img decoding=\"async\" src=\"https:\/\/www.separadorcarrilbici.com\/cat\/wp-content\/plugins\/wpforms-lite\/assets\/images\/submit-spin.svg\" class=\"wpforms-submit-spinner\" style=\"display: none;\" width=\"26\" height=\"26\" alt=\"S&#039;est\u00e0 carregant\"><\/div><\/form><\/div>  <!-- .wpforms-container -->\t\t\t\t<\/div>\n\t\t\t\t<\/div>\n\t\t\t\t<\/div>\n\t\t<div class=\"elementor-element elementor-element-3f02b681 e-con-full e-flex e-con e-parent\" data-id=\"3f02b681\" data-element_type=\"container\">\n\t\t\t\t<div class=\"elementor-element elementor-element-31ff68f7 elementor-widget elementor-widget-text-editor\" data-id=\"31ff68f7\" data-element_type=\"widget\" data-widget_type=\"text-editor.default\">\n\t\t\t\t<div class=\"elementor-widget-container\">\n\t\t\t\t\t\t\t\t\t<p>Posi&#8217;s en contacte amb nosaltres sobre els nostres separadors vials i l&#8217;assessorarem sobre qual \u00e9s el producte que m\u00e9s s&#8217;adapta a les seves necessitats.<br \/><br \/>Som experts en la fabricaci\u00f3 i la instal\u00b7laci\u00f3 de separadors vials d&#8217;exterior per a carrils bici per a protegir els ciclistes i amb bona visibilitat.<\/p>\t\t\t\t\t\t\t\t<\/div>\n\t\t\t\t<\/div>\n\t\t\t\t<div class=\"elementor-element elementor-element-318027a6 elementor-widget elementor-widget-google_maps\" data-id=\"318027a6\" data-element_type=\"widget\" data-widget_type=\"google_maps.default\">\n\t\t\t\t<div class=\"elementor-widget-container\">\n\t\t\t\t\t\t\t<div class=\"elementor-custom-embed\">\n\t\t\t<iframe loading=\"lazy\"\n\t\t\t\t\tsrc=\"https:\/\/maps.google.com\/maps?q=calle%20acer%2033%20badalona&#038;t=m&#038;z=15&#038;output=embed&#038;iwloc=near\"\n\t\t\t\t\ttitle=\"calle acer 33 badalona\"\n\t\t\t\t\taria-label=\"calle acer 33 badalona\"\n\t\t\t><\/iframe>\n\t\t<\/div>\n\t\t\t\t\t\t<\/div>\n\t\t\t\t<\/div>\n\t\t\t\t<\/div>\n\t\t\t\t\t<\/div>\n\t\t\t\t<\/div>\n\t\t\t\t<\/div>\n\t\t","protected":false},"excerpt":{"rendered":"<p>Posi&#8217;s en contacte amb nosaltres sobre els nostres separadors vials i l&#8217;assessorarem sobre qual \u00e9s el producte que m\u00e9s s&#8217;adapta a les seves necessitats. Som experts en la fabricaci\u00f3 i la instal\u00b7laci\u00f3 de separadors vials d&#8217;exterior per a carrils bici per a protegir els ciclistes i amb bona visibilitat.<\/p>\n","protected":false},"author":1,"featured_media":0,"parent":0,"menu_order":0,"comment_status":"closed","ping_status":"closed","template":"","meta":{"site-sidebar-layout":"no-sidebar","site-content-layout":"page-builder","ast-site-content-layout":"default","site-content-style":"default","site-sidebar-style":"default","ast-global-header-display":"","ast-banner-title-visibility":"","ast-main-header-display":"","ast-hfb-above-header-display":"","ast-hfb-below-header-display":"","ast-hfb-mobile-header-display":"","site-post-title":"disabled","ast-breadcrumbs-content":"","ast-featured-img":"disabled","footer-sml-layout":"","ast-disable-related-posts":"","theme-transparent-header-meta":"","adv-header-id-meta":"","stick-header-meta":"","header-above-stick-meta":"","header-main-stick-meta":"","header-below-stick-meta":"","astra-migrate-meta-layouts":"default","ast-page-background-enabled":"default","ast-page-background-meta":{"desktop":{"background-color":"var(--ast-global-color-4)","background-image":"","background-repeat":"repeat","background-position":"center center","background-size":"auto","background-attachment":"scroll","background-type":"","background-media":"","overlay-type":"","overlay-color":"","overlay-opacity":"","overlay-gradient":""},"tablet":{"background-color":"","background-image":"","background-repeat":"repeat","background-position":"center center","background-size":"auto","background-attachment":"scroll","background-type":"","background-media":"","overlay-type":"","overlay-color":"","overlay-opacity":"","overlay-gradient":""},"mobile":{"background-color":"","background-image":"","background-repeat":"repeat","background-position":"center center","background-size":"auto","background-attachment":"scroll","background-type":"","background-media":"","overlay-type":"","overlay-color":"","overlay-opacity":"","overlay-gradient":""}},"ast-content-background-meta":{"desktop":{"background-color":"var(--ast-global-color-5)","background-image":"","background-repeat":"repeat","background-position":"center center","background-size":"auto","background-attachment":"scroll","background-type":"","background-media":"","overlay-type":"","overlay-color":"","overlay-opacity":"","overlay-gradient":""},"tablet":{"background-color":"var(--ast-global-color-5)","background-image":"","background-repeat":"repeat","background-position":"center center","background-size":"auto","background-attachment":"scroll","background-type":"","background-media":"","overlay-type":"","overlay-color":"","overlay-opacity":"","overlay-gradient":""},"mobile":{"background-color":"var(--ast-global-color-5)","background-image":"","background-repeat":"repeat","background-position":"center center","background-size":"auto","background-attachment":"scroll","background-type":"","background-media":"","overlay-type":"","overlay-color":"","overlay-opacity":"","overlay-gradient":""}},"footnotes":""},"yoast_head":"<!-- This site is optimized with the Yoast SEO plugin v24.5 - https:\/\/yoast.com\/wordpress\/plugins\/seo\/ -->\n<title>Contacte - Separadors carrils bici<\/title>\n<meta name=\"description\" content=\"Fabricants i instal\u00b7ladors de separadors de carril bici. Posi&#039;s en contacte amb nosaltres i l&#039;ajudarem a seleccionar el separador ideal.\" \/>\n<meta name=\"robots\" content=\"index, follow, max-snippet:-1, max-image-preview:large, max-video-preview:-1\" \/>\n<link rel=\"canonical\" href=\"https:\/\/www.separadorcarrilbici.com\/cat\/contacte\/\" \/>\n<meta property=\"og:locale\" content=\"ca_ES\" \/>\n<meta property=\"og:type\" content=\"article\" \/>\n<meta property=\"og:title\" content=\"Contacte - Separadors carrils bici\" \/>\n<meta property=\"og:description\" content=\"Fabricants i instal\u00b7ladors de separadors de carril bici. Posi&#039;s en contacte amb nosaltres i l&#039;ajudarem a seleccionar el separador ideal.\" \/>\n<meta property=\"og:url\" content=\"https:\/\/www.separadorcarrilbici.com\/cat\/contacte\/\" \/>\n<meta property=\"og:site_name\" content=\"Separadors carrils bici\" \/>\n<meta property=\"article:modified_time\" content=\"2022-11-22T16:20:15+00:00\" \/>\n<meta name=\"twitter:card\" content=\"summary_large_image\" \/>\n<meta name=\"twitter:label1\" content=\"Temps estimat de lectura\" \/>\n\t<meta name=\"twitter:data1\" content=\"1 minut\" \/>\n<script type=\"application\/ld+json\" class=\"yoast-schema-graph\">{\"@context\":\"https:\/\/schema.org\",\"@graph\":[{\"@type\":\"WebPage\",\"@id\":\"https:\/\/www.separadorcarrilbici.com\/cat\/contacte\/\",\"url\":\"https:\/\/www.separadorcarrilbici.com\/cat\/contacte\/\",\"name\":\"Contacte - Separadors carrils bici\",\"isPartOf\":{\"@id\":\"https:\/\/www.separadorcarrilbici.com\/cat\/#website\"},\"datePublished\":\"2022-11-22T16:16:50+00:00\",\"dateModified\":\"2022-11-22T16:20:15+00:00\",\"description\":\"Fabricants i instal\u00b7ladors de separadors de carril bici. Posi's en contacte amb nosaltres i l'ajudarem a seleccionar el separador ideal.\",\"breadcrumb\":{\"@id\":\"https:\/\/www.separadorcarrilbici.com\/cat\/contacte\/#breadcrumb\"},\"inLanguage\":\"ca\",\"potentialAction\":[{\"@type\":\"ReadAction\",\"target\":[\"https:\/\/www.separadorcarrilbici.com\/cat\/contacte\/\"]}]},{\"@type\":\"BreadcrumbList\",\"@id\":\"https:\/\/www.separadorcarrilbici.com\/cat\/contacte\/#breadcrumb\",\"itemListElement\":[{\"@type\":\"ListItem\",\"position\":1,\"name\":\"Inici\",\"item\":\"https:\/\/www.separadorcarrilbici.com\/cat\/\"},{\"@type\":\"ListItem\",\"position\":2,\"name\":\"Contacte\"}]},{\"@type\":\"WebSite\",\"@id\":\"https:\/\/www.separadorcarrilbici.com\/cat\/#website\",\"url\":\"https:\/\/www.separadorcarrilbici.com\/cat\/\",\"name\":\"Separadors carrils bici\",\"description\":\"Fabricants de separadors vials per carrils bici\",\"potentialAction\":[{\"@type\":\"SearchAction\",\"target\":{\"@type\":\"EntryPoint\",\"urlTemplate\":\"https:\/\/www.separadorcarrilbici.com\/cat\/?s={search_term_string}\"},\"query-input\":{\"@type\":\"PropertyValueSpecification\",\"valueRequired\":true,\"valueName\":\"search_term_string\"}}],\"inLanguage\":\"ca\"}]}<\/script>\n<!-- \/ Yoast SEO plugin. -->","yoast_head_json":{"title":"Contacte - Separadors carrils bici","description":"Fabricants i instal\u00b7ladors de separadors de carril bici. Posi's en contacte amb nosaltres i l'ajudarem a seleccionar el separador ideal.","robots":{"index":"index","follow":"follow","max-snippet":"max-snippet:-1","max-image-preview":"max-image-preview:large","max-video-preview":"max-video-preview:-1"},"canonical":"https:\/\/www.separadorcarrilbici.com\/cat\/contacte\/","og_locale":"ca_ES","og_type":"article","og_title":"Contacte - Separadors carrils bici","og_description":"Fabricants i instal\u00b7ladors de separadors de carril bici. Posi's en contacte amb nosaltres i l'ajudarem a seleccionar el separador ideal.","og_url":"https:\/\/www.separadorcarrilbici.com\/cat\/contacte\/","og_site_name":"Separadors carrils bici","article_modified_time":"2022-11-22T16:20:15+00:00","twitter_card":"summary_large_image","twitter_misc":{"Temps estimat de lectura":"1 minut"},"schema":{"@context":"https:\/\/schema.org","@graph":[{"@type":"WebPage","@id":"https:\/\/www.separadorcarrilbici.com\/cat\/contacte\/","url":"https:\/\/www.separadorcarrilbici.com\/cat\/contacte\/","name":"Contacte - Separadors carrils bici","isPartOf":{"@id":"https:\/\/www.separadorcarrilbici.com\/cat\/#website"},"datePublished":"2022-11-22T16:16:50+00:00","dateModified":"2022-11-22T16:20:15+00:00","description":"Fabricants i instal\u00b7ladors de separadors de carril bici. Posi's en contacte amb nosaltres i l'ajudarem a seleccionar el separador ideal.","breadcrumb":{"@id":"https:\/\/www.separadorcarrilbici.com\/cat\/contacte\/#breadcrumb"},"inLanguage":"ca","potentialAction":[{"@type":"ReadAction","target":["https:\/\/www.separadorcarrilbici.com\/cat\/contacte\/"]}]},{"@type":"BreadcrumbList","@id":"https:\/\/www.separadorcarrilbici.com\/cat\/contacte\/#breadcrumb","itemListElement":[{"@type":"ListItem","position":1,"name":"Inici","item":"https:\/\/www.separadorcarrilbici.com\/cat\/"},{"@type":"ListItem","position":2,"name":"Contacte"}]},{"@type":"WebSite","@id":"https:\/\/www.separadorcarrilbici.com\/cat\/#website","url":"https:\/\/www.separadorcarrilbici.com\/cat\/","name":"Separadors carrils bici","description":"Fabricants de separadors vials per carrils bici","potentialAction":[{"@type":"SearchAction","target":{"@type":"EntryPoint","urlTemplate":"https:\/\/www.separadorcarrilbici.com\/cat\/?s={search_term_string}"},"query-input":{"@type":"PropertyValueSpecification","valueRequired":true,"valueName":"search_term_string"}}],"inLanguage":"ca"}]}},"_links":{"self":[{"href":"https:\/\/www.separadorcarrilbici.com\/cat\/wp-json\/wp\/v2\/pages\/1145"}],"collection":[{"href":"https:\/\/www.separadorcarrilbici.com\/cat\/wp-json\/wp\/v2\/pages"}],"about":[{"href":"https:\/\/www.separadorcarrilbici.com\/cat\/wp-json\/wp\/v2\/types\/page"}],"author":[{"embeddable":true,"href":"https:\/\/www.separadorcarrilbici.com\/cat\/wp-json\/wp\/v2\/users\/1"}],"replies":[{"embeddable":true,"href":"https:\/\/www.separadorcarrilbici.com\/cat\/wp-json\/wp\/v2\/comments?post=1145"}],"version-history":[{"count":10,"href":"https:\/\/www.separadorcarrilbici.com\/cat\/wp-json\/wp\/v2\/pages\/1145\/revisions"}],"predecessor-version":[{"id":1163,"href":"https:\/\/www.separadorcarrilbici.com\/cat\/wp-json\/wp\/v2\/pages\/1145\/revisions\/1163"}],"wp:attachment":[{"href":"https:\/\/www.separadorcarrilbici.com\/cat\/wp-json\/wp\/v2\/media?parent=1145"}],"curies":[{"name":"wp","href":"https:\/\/api.w.org\/{rel}","templated":true}]}}